{"id":2166,"date":"2024-03-15T18:03:20","date_gmt":"2024-03-15T18:03:20","guid":{"rendered":"https:\/\/www.kairossigacik.com\/blog\/"},"modified":"2024-07-04T18:07:21","modified_gmt":"2024-07-04T18:07:21","slug":"blog","status":"publish","type":"page","link":"https:\/\/www.kairossigacik.com\/en\/blog\/","title":{"rendered":"Blog"},"content":{"rendered":"<p><div class=\"fusion-bg-parallax\" data-bg-align=\"center center\" data-direction=\"down\" data-mute=\"false\" data-opacity=\"100\" data-velocity=\"-0.3\" data-mobile-enabled=\"false\" data-break_parents=\"0\" data-bg-image=\"https:\/\/www.kairossigacik.com\/wp-content\/uploads\/2024\/02\/Sigacik.jpg\" data-bg-repeat=\"false\" ><\/div><div class=\"fusion-fullwidth fullwidth-box fusion-builder-row-1 fusion-flex-container has-pattern-background has-mask-background fusion-parallax-down nonhundred-percent-fullwidth non-hundred-percent-height-scrolling lazyload fusion-animated\" style=\"--awb-border-radius-top-left:0px;--awb-border-radius-top-right:0px;--awb-border-radius-bottom-right:0px;--awb-border-radius-bottom-left:0px;--awb-padding-top:15vw;--awb-padding-bottom:15vw;--awb-padding-top-small:80px;--awb-padding-bottom-small:80px;--awb-background-size:cover;--awb-flex-wrap:wrap;--awb-animation-color:var(--awb-color3);\" data-bg=\"https:\/\/www.kairossigacik.com\/wp-content\/uploads\/2024\/02\/Sigacik.jpg\" data-animationType=\"revealInLeft\" data-animationDuration=\"1.2\" data-animationOffset=\"top-into-view\" ><div class=\"fusion-builder-row fusion-row fusion-flex-align-items-flex-start fusion-flex-content-wrap\" style=\"max-width:1248px;margin-left: calc(-4% \/ 2 );margin-right: calc(-4% \/ 2 );\"><\/div><\/div><div class=\"fusion-fullwidth fullwidth-box fusion-builder-row-2 fusion-flex-container has-pattern-background has-mask-background nonhundred-percent-fullwidth non-hundred-percent-height-scrolling\" style=\"--awb-background-position:left center;--awb-border-radius-top-left:0px;--awb-border-radius-top-right:0px;--awb-border-radius-bottom-right:0px;--awb-border-radius-bottom-left:0px;--awb-padding-top:30px;--awb-padding-bottom:130px;--awb-padding-top-medium:90px;--awb-padding-bottom-medium:90px;--awb-background-color:#ffffff;--awb-flex-wrap:wrap;\" ><div class=\"fusion-builder-row fusion-row fusion-flex-align-items-flex-start fusion-flex-justify-content-center fusion-flex-content-wrap\" style=\"max-width:1248px;margin-left: calc(-4% \/ 2 );margin-right: calc(-4% \/ 2 );\"><div class=\"fusion-layout-column fusion_builder_column fusion-builder-column-0 fusion_builder_column_1_1 1_1 fusion-flex-column fusion-animated\" style=\"--awb-bg-color:#ffffff;--awb-bg-color-hover:#ffffff;--awb-bg-size:cover;--awb-width-large:100%;--awb-margin-top-large:0px;--awb-spacing-right-large:1.92%;--awb-margin-bottom-large:100px;--awb-spacing-left-large:1.92%;--awb-width-medium:100%;--awb-order-medium:0;--awb-spacing-right-medium:1.92%;--awb-spacing-left-medium:1.92%;--awb-width-small:100%;--awb-order-small:0;--awb-spacing-right-small:1.92%;--awb-margin-bottom-small:68px;--awb-spacing-left-small:1.92%;\" data-animationType=\"fadeInDown\" data-animationDuration=\"0.8\" data-animationDelay=\"0.2\" data-animationOffset=\"top-into-view\" data-scroll-devices=\"small-visibility,medium-visibility,large-visibility\"><div class=\"fusion-column-wrapper fusion-column-has-shadow fusion-flex-justify-content-flex-start fusion-content-layout-column\"><div class=\"fusion-title title fusion-title-1 fusion-no-small-visibility fusion-sep-none fusion-title-center fusion-title-text fusion-title-size-one\" style=\"--awb-text-color:var(--awb-color8);--awb-margin-bottom:20px;--awb-margin-top-small:10px;--awb-margin-right-small:0px;--awb-margin-bottom-small:20px;--awb-margin-left-small:0px;\"><h1 class=\"fusion-title-heading title-heading-center\" style=\"margin:0;\">Blog Posts<\/h1><\/div><div class=\"fusion-blog-shortcode fusion-blog-shortcode-1 fusion-blog-archive fusion-blog-layout-grid-wrapper fusion-blog-no\" style=\"--awb-title-font-size:20px;--awb-title-font-family:&quot;Nunito&quot;;--awb-title-font-style:normal;--awb-title-font-weight:400;\"><style type=\"text\/css\">.fusion-blog-shortcode-1 .fusion-blog-layout-grid .fusion-post-grid{padding:20px;}.fusion-blog-shortcode-1 .fusion-posts-container{margin-left: -20px !important; margin-right:-20px !important;}<\/style><div class=\"fusion-posts-container fusion-posts-container-no fusion-blog-rollover fusion-blog-layout-grid fusion-blog-layout-grid-3 isotope\" data-pages=\"0\" data-grid-col-space=\"40\" style=\"margin: -20px -20px 0;min-height:500px;\"><article id=\"blog-1-post-2228\" class=\"fusion-post-grid post-2228 post type-post status-publish format-standard has-post-thumbnail hentry category-general\">\n<div class=\"fusion-post-wrapper\" style=\"background-color:rgba(255,255,255,0);border:1px solid var(--awb-color2);border-bottom-width:3px;\">\n\n\t\t\t<div class=\"fusion-flexslider flexslider fusion-flexslider-loading fusion-post-slideshow\" style=\"border-color:var(--awb-color2);\">\n\t\t<ul class=\"slides\">\n\t\t\t\n\t\t\t\t\t\t\t\t\t\t\t\t\t\t<li><div  class=\"fusion-image-wrapper\" aria-haspopup=\"true\">\n\t\t\t\t<img decoding=\"async\" width=\"1600\" height=\"900\" src=\"https:\/\/www.kairossigacik.com\/wp-content\/uploads\/2024\/06\/Teos-Antik-Kenti-Sigacik.jpg\" class=\"attachment-full size-full lazyload wp-post-image\" alt=\"\" srcset=\"data:image\/svg+xml,%3Csvg%20xmlns%3D%27http%3A%2F%2Fwww.w3.org%2F2000%2Fsvg%27%20width%3D%271600%27%20height%3D%27900%27%20viewBox%3D%270%200%201600%20900%27%3E%3Crect%20width%3D%271600%27%20height%3D%27900%27%20fill-opacity%3D%220%22%2F%3E%3C%2Fsvg%3E\" data-orig-src=\"https:\/\/www.kairossigacik.com\/wp-content\/uploads\/2024\/06\/Teos-Antik-Kenti-Sigacik.jpg\" data-srcset=\"https:\/\/www.kairossigacik.com\/wp-content\/uploads\/2024\/06\/Teos-Antik-Kenti-Sigacik-200x113.jpg 200w, https:\/\/www.kairossigacik.com\/wp-content\/uploads\/2024\/06\/Teos-Antik-Kenti-Sigacik-400x225.jpg 400w, https:\/\/www.kairossigacik.com\/wp-content\/uploads\/2024\/06\/Teos-Antik-Kenti-Sigacik-600x338.jpg 600w, https:\/\/www.kairossigacik.com\/wp-content\/uploads\/2024\/06\/Teos-Antik-Kenti-Sigacik-800x450.jpg 800w, https:\/\/www.kairossigacik.com\/wp-content\/uploads\/2024\/06\/Teos-Antik-Kenti-Sigacik-1200x675.jpg 1200w, https:\/\/www.kairossigacik.com\/wp-content\/uploads\/2024\/06\/Teos-Antik-Kenti-Sigacik.jpg 1600w\" data-sizes=\"auto\" \/><div class=\"fusion-rollover\">\n\t<div class=\"fusion-rollover-content\">\n\n\t\t\t\t\n\t\t\n\t\t\t\t\t\t\t\t\t\t\t\t<h4 class=\"fusion-rollover-title\">\n\t\t\t\t\t<a class=\"fusion-rollover-title-link\" href=\"https:\/\/www.kairossigacik.com\/en\/ancient-cities-near-seferihisar-a-journey-into-history\/\">\n\t\t\t\t\t\tAncient Cities Near Seferihisar: A Journey into History\t\t\t\t\t<\/a>\n\t\t\t\t<\/h4>\n\t\t\t\n\t\t\t\t\t\t\t\t\n\t\t\n\t\t\t\t\t\t<a class=\"fusion-link-wrapper\" href=\"https:\/\/www.kairossigacik.com\/en\/ancient-cities-near-seferihisar-a-journey-into-history\/\" aria-label=\"Ancient Cities Near Seferihisar: A Journey into History\"><\/a>\n\t<\/div>\n<\/div>\n<\/div>\n<\/li>\n\t\t\t\n\t\t\t\n\t\t\t\t\t\t\t\t\t\t\t\t\t\t\t\t\t\t\t\t\t\t\t\t\t\t\t\t\t\t\t\t\t\t\t\t\t\t\t\t\t\t\t\t\t\t\t\t\t\t\t\t\t\t\t\t\t\t\t\t\t\t\t\t\t\t\t\t<\/ul>\n\t<\/div>\n\t<div class=\"fusion-post-content-wrapper\" style=\"padding:30px 25px 25px 25px;\"><div class=\"fusion-post-content post-content\"><h1 class=\"blog-shortcode-post-title entry-title\"><a href=\"https:\/\/www.kairossigacik.com\/en\/ancient-cities-near-seferihisar-a-journey-into-history\/\">Ancient Cities Near Seferihisar: A Journey into History<\/a><\/h1><p class=\"fusion-single-line-meta\"><span class=\"vcard\" style=\"display: none;\"><span class=\"fn\"><a href=\"https:\/\/www.kairossigacik.com\/en\/author\/admin\/\" title=\"Posts by admin\" rel=\"author\">admin<\/a><\/span><\/span><span class=\"updated\" style=\"display:none;\">2024-07-04T18:21:54+00:00<\/span><span>June 24, 2024<\/span><span class=\"fusion-inline-sep\">|<\/span><\/p><div class=\"fusion-content-sep sep-double sep-solid\"><\/div><div class=\"fusion-post-content-container\"><p> Seferihisar draws attention with its rich historical heritage as [...]<\/p><\/div><\/div><\/div><div class=\"fusion-clearfix\"><\/div><\/div>\n<\/article>\n<article id=\"blog-1-post-2224\" class=\"fusion-post-grid post-2224 post type-post status-publish format-standard has-post-thumbnail hentry category-general\">\n<div class=\"fusion-post-wrapper\" style=\"background-color:rgba(255,255,255,0);border:1px solid var(--awb-color2);border-bottom-width:3px;\">\n\n\t\t\t<div class=\"fusion-flexslider flexslider fusion-flexslider-loading fusion-post-slideshow\" style=\"border-color:var(--awb-color2);\">\n\t\t<ul class=\"slides\">\n\t\t\t\n\t\t\t\t\t\t\t\t\t\t\t\t\t\t<li><div  class=\"fusion-image-wrapper\" aria-haspopup=\"true\">\n\t\t\t\t<img decoding=\"async\" width=\"1600\" height=\"900\" src=\"https:\/\/www.kairossigacik.com\/wp-content\/uploads\/2024\/06\/Cifit-Adasi-Sigacik.jpg\" class=\"attachment-full size-full lazyload wp-post-image\" alt=\"\" srcset=\"data:image\/svg+xml,%3Csvg%20xmlns%3D%27http%3A%2F%2Fwww.w3.org%2F2000%2Fsvg%27%20width%3D%271600%27%20height%3D%27900%27%20viewBox%3D%270%200%201600%20900%27%3E%3Crect%20width%3D%271600%27%20height%3D%27900%27%20fill-opacity%3D%220%22%2F%3E%3C%2Fsvg%3E\" data-orig-src=\"https:\/\/www.kairossigacik.com\/wp-content\/uploads\/2024\/06\/Cifit-Adasi-Sigacik.jpg\" data-srcset=\"https:\/\/www.kairossigacik.com\/wp-content\/uploads\/2024\/06\/Cifit-Adasi-Sigacik-200x113.jpg 200w, https:\/\/www.kairossigacik.com\/wp-content\/uploads\/2024\/06\/Cifit-Adasi-Sigacik-400x225.jpg 400w, https:\/\/www.kairossigacik.com\/wp-content\/uploads\/2024\/06\/Cifit-Adasi-Sigacik-600x338.jpg 600w, https:\/\/www.kairossigacik.com\/wp-content\/uploads\/2024\/06\/Cifit-Adasi-Sigacik-800x450.jpg 800w, https:\/\/www.kairossigacik.com\/wp-content\/uploads\/2024\/06\/Cifit-Adasi-Sigacik-1200x675.jpg 1200w, https:\/\/www.kairossigacik.com\/wp-content\/uploads\/2024\/06\/Cifit-Adasi-Sigacik.jpg 1600w\" data-sizes=\"auto\" \/><div class=\"fusion-rollover\">\n\t<div class=\"fusion-rollover-content\">\n\n\t\t\t\t\n\t\t\n\t\t\t\t\t\t\t\t\t\t\t\t<h4 class=\"fusion-rollover-title\">\n\t\t\t\t\t<a class=\"fusion-rollover-title-link\" href=\"https:\/\/www.kairossigacik.com\/en\/cifit-island-izmirs-walkable-paradise\/\">\n\t\t\t\t\t\t\u00c7\u0131f\u0131t Island Izmir&#8217;s Walkable Paradise\t\t\t\t\t<\/a>\n\t\t\t\t<\/h4>\n\t\t\t\n\t\t\t\t\t\t\t\t\n\t\t\n\t\t\t\t\t\t<a class=\"fusion-link-wrapper\" href=\"https:\/\/www.kairossigacik.com\/en\/cifit-island-izmirs-walkable-paradise\/\" aria-label=\"\u00c7\u0131f\u0131t Island Izmir&#8217;s Walkable Paradise\"><\/a>\n\t<\/div>\n<\/div>\n<\/div>\n<\/li>\n\t\t\t\n\t\t\t\n\t\t\t\t\t\t\t\t\t\t\t\t\t\t\t\t\t\t\t\t\t\t\t\t\t\t\t\t\t\t\t\t\t\t\t\t\t\t\t\t\t\t\t\t\t\t\t\t\t\t\t\t\t\t\t\t\t\t\t\t\t\t\t\t\t\t\t\t<\/ul>\n\t<\/div>\n\t<div class=\"fusion-post-content-wrapper\" style=\"padding:30px 25px 25px 25px;\"><div class=\"fusion-post-content post-content\"><h1 class=\"blog-shortcode-post-title entry-title\"><a href=\"https:\/\/www.kairossigacik.com\/en\/cifit-island-izmirs-walkable-paradise\/\">\u00c7\u0131f\u0131t Island Izmir&#8217;s Walkable Paradise<\/a><\/h1><p class=\"fusion-single-line-meta\"><span class=\"vcard\" style=\"display: none;\"><span class=\"fn\"><a href=\"https:\/\/www.kairossigacik.com\/en\/author\/admin\/\" title=\"Posts by admin\" rel=\"author\">admin<\/a><\/span><\/span><span class=\"updated\" style=\"display:none;\">2024-07-04T18:21:54+00:00<\/span><span>June 24, 2024<\/span><span class=\"fusion-inline-sep\">|<\/span><\/p><div class=\"fusion-content-sep sep-double sep-solid\"><\/div><div class=\"fusion-post-content-container\"><p> \u00c7\u0131f\u0131t Island, located in Seferihisar district of Izmir, the [...]<\/p><\/div><\/div><\/div><div class=\"fusion-clearfix\"><\/div><\/div>\n<\/article>\n<article id=\"blog-1-post-2220\" class=\"fusion-post-grid post-2220 post type-post status-publish format-standard has-post-thumbnail hentry category-general\">\n<div class=\"fusion-post-wrapper\" style=\"background-color:rgba(255,255,255,0);border:1px solid var(--awb-color2);border-bottom-width:3px;\">\n\n\t\t\t<div class=\"fusion-flexslider flexslider fusion-flexslider-loading fusion-post-slideshow\" style=\"border-color:var(--awb-color2);\">\n\t\t<ul class=\"slides\">\n\t\t\t\n\t\t\t\t\t\t\t\t\t\t\t\t\t\t<li><div  class=\"fusion-image-wrapper\" aria-haspopup=\"true\">\n\t\t\t\t<img decoding=\"async\" width=\"1600\" height=\"900\" src=\"https:\/\/www.kairossigacik.com\/wp-content\/uploads\/2024\/05\/Seferihisar-Turgut-Koyu.jpg\" class=\"attachment-full size-full lazyload wp-post-image\" alt=\"\" srcset=\"data:image\/svg+xml,%3Csvg%20xmlns%3D%27http%3A%2F%2Fwww.w3.org%2F2000%2Fsvg%27%20width%3D%271600%27%20height%3D%27900%27%20viewBox%3D%270%200%201600%20900%27%3E%3Crect%20width%3D%271600%27%20height%3D%27900%27%20fill-opacity%3D%220%22%2F%3E%3C%2Fsvg%3E\" data-orig-src=\"https:\/\/www.kairossigacik.com\/wp-content\/uploads\/2024\/05\/Seferihisar-Turgut-Koyu.jpg\" data-srcset=\"https:\/\/www.kairossigacik.com\/wp-content\/uploads\/2024\/05\/Seferihisar-Turgut-Koyu-200x113.jpg 200w, https:\/\/www.kairossigacik.com\/wp-content\/uploads\/2024\/05\/Seferihisar-Turgut-Koyu-400x225.jpg 400w, https:\/\/www.kairossigacik.com\/wp-content\/uploads\/2024\/05\/Seferihisar-Turgut-Koyu-600x338.jpg 600w, https:\/\/www.kairossigacik.com\/wp-content\/uploads\/2024\/05\/Seferihisar-Turgut-Koyu-800x450.jpg 800w, https:\/\/www.kairossigacik.com\/wp-content\/uploads\/2024\/05\/Seferihisar-Turgut-Koyu-1200x675.jpg 1200w, https:\/\/www.kairossigacik.com\/wp-content\/uploads\/2024\/05\/Seferihisar-Turgut-Koyu.jpg 1600w\" data-sizes=\"auto\" \/><div class=\"fusion-rollover\">\n\t<div class=\"fusion-rollover-content\">\n\n\t\t\t\t\n\t\t\n\t\t\t\t\t\t\t\t\t\t\t\t<h4 class=\"fusion-rollover-title\">\n\t\t\t\t\t<a class=\"fusion-rollover-title-link\" href=\"https:\/\/www.kairossigacik.com\/en\/seferihisar-villages-peaceful-spots-waiting-to-be-discovered\/\">\n\t\t\t\t\t\tSeferihisar Villages: Peaceful spots waiting to be discovered\t\t\t\t\t<\/a>\n\t\t\t\t<\/h4>\n\t\t\t\n\t\t\t\t\t\t\t\t\n\t\t\n\t\t\t\t\t\t<a class=\"fusion-link-wrapper\" href=\"https:\/\/www.kairossigacik.com\/en\/seferihisar-villages-peaceful-spots-waiting-to-be-discovered\/\" aria-label=\"Seferihisar Villages: Peaceful spots waiting to be discovered\"><\/a>\n\t<\/div>\n<\/div>\n<\/div>\n<\/li>\n\t\t\t\n\t\t\t\n\t\t\t\t\t\t\t\t\t\t\t\t\t\t\t\t\t\t\t\t\t\t\t\t\t\t\t\t\t\t\t\t\t\t\t\t\t\t\t\t\t\t\t\t\t\t\t\t\t\t\t\t\t\t\t\t\t\t\t\t\t\t\t\t\t\t\t\t<\/ul>\n\t<\/div>\n\t<div class=\"fusion-post-content-wrapper\" style=\"padding:30px 25px 25px 25px;\"><div class=\"fusion-post-content post-content\"><h1 class=\"blog-shortcode-post-title entry-title\"><a href=\"https:\/\/www.kairossigacik.com\/en\/seferihisar-villages-peaceful-spots-waiting-to-be-discovered\/\">Seferihisar Villages: Peaceful spots waiting to be discovered<\/a><\/h1><p class=\"fusion-single-line-meta\"><span class=\"vcard\" style=\"display: none;\"><span class=\"fn\"><a href=\"https:\/\/www.kairossigacik.com\/en\/author\/admin\/\" title=\"Posts by admin\" rel=\"author\">admin<\/a><\/span><\/span><span class=\"updated\" style=\"display:none;\">2024-07-04T18:21:54+00:00<\/span><span>May 18, 2024<\/span><span class=\"fusion-inline-sep\">|<\/span><\/p><div class=\"fusion-content-sep sep-double sep-solid\"><\/div><div class=\"fusion-post-content-container\"><p> Seferihisar is one of the most remarkable districts of [...]<\/p><\/div><\/div><\/div><div class=\"fusion-clearfix\"><\/div><\/div>\n<\/article>\n<article id=\"blog-1-post-2217\" class=\"fusion-post-grid post-2217 post type-post status-publish format-standard has-post-thumbnail hentry category-general\">\n<div class=\"fusion-post-wrapper\" style=\"background-color:rgba(255,255,255,0);border:1px solid var(--awb-color2);border-bottom-width:3px;\">\n\n\t\t\t<div class=\"fusion-flexslider flexslider fusion-flexslider-loading fusion-post-slideshow\" style=\"border-color:var(--awb-color2);\">\n\t\t<ul class=\"slides\">\n\t\t\t\n\t\t\t\t\t\t\t\t\t\t\t\t\t\t<li><div  class=\"fusion-image-wrapper\" aria-haspopup=\"true\">\n\t\t\t\t<img decoding=\"async\" width=\"1600\" height=\"900\" src=\"https:\/\/www.kairossigacik.com\/wp-content\/uploads\/2024\/03\/Sigacik-Plaj.jpg\" class=\"attachment-full size-full lazyload wp-post-image\" alt=\"\" srcset=\"data:image\/svg+xml,%3Csvg%20xmlns%3D%27http%3A%2F%2Fwww.w3.org%2F2000%2Fsvg%27%20width%3D%271600%27%20height%3D%27900%27%20viewBox%3D%270%200%201600%20900%27%3E%3Crect%20width%3D%271600%27%20height%3D%27900%27%20fill-opacity%3D%220%22%2F%3E%3C%2Fsvg%3E\" data-orig-src=\"https:\/\/www.kairossigacik.com\/wp-content\/uploads\/2024\/03\/Sigacik-Plaj.jpg\" data-srcset=\"https:\/\/www.kairossigacik.com\/wp-content\/uploads\/2024\/03\/Sigacik-Plaj-200x113.jpg 200w, https:\/\/www.kairossigacik.com\/wp-content\/uploads\/2024\/03\/Sigacik-Plaj-400x225.jpg 400w, https:\/\/www.kairossigacik.com\/wp-content\/uploads\/2024\/03\/Sigacik-Plaj-600x338.jpg 600w, https:\/\/www.kairossigacik.com\/wp-content\/uploads\/2024\/03\/Sigacik-Plaj-800x450.jpg 800w, https:\/\/www.kairossigacik.com\/wp-content\/uploads\/2024\/03\/Sigacik-Plaj-1200x675.jpg 1200w, https:\/\/www.kairossigacik.com\/wp-content\/uploads\/2024\/03\/Sigacik-Plaj.jpg 1600w\" data-sizes=\"auto\" \/><div class=\"fusion-rollover\">\n\t<div class=\"fusion-rollover-content\">\n\n\t\t\t\t\n\t\t\n\t\t\t\t\t\t\t\t\t\t\t\t<h4 class=\"fusion-rollover-title\">\n\t\t\t\t\t<a class=\"fusion-rollover-title-link\" href=\"https:\/\/www.kairossigacik.com\/en\/sigaciks-magnificent-beaches-aegeans-hidden-paradise\/\">\n\t\t\t\t\t\tS\u0131\u011fac\u0131k&#8217;s Magnificent Beaches: Aegean&#8217;s Hidden Paradise\t\t\t\t\t<\/a>\n\t\t\t\t<\/h4>\n\t\t\t\n\t\t\t\t\t\t\t\t\n\t\t\n\t\t\t\t\t\t<a class=\"fusion-link-wrapper\" href=\"https:\/\/www.kairossigacik.com\/en\/sigaciks-magnificent-beaches-aegeans-hidden-paradise\/\" aria-label=\"S\u0131\u011fac\u0131k&#8217;s Magnificent Beaches: Aegean&#8217;s Hidden Paradise\"><\/a>\n\t<\/div>\n<\/div>\n<\/div>\n<\/li>\n\t\t\t\n\t\t\t\n\t\t\t\t\t\t\t\t\t\t\t\t\t\t\t\t\t\t\t\t\t\t\t\t\t\t\t\t\t\t\t\t\t\t\t\t\t\t\t\t\t\t\t\t\t\t\t\t\t\t\t\t\t\t\t\t\t\t\t\t\t\t\t\t\t\t\t\t<\/ul>\n\t<\/div>\n\t<div class=\"fusion-post-content-wrapper\" style=\"padding:30px 25px 25px 25px;\"><div class=\"fusion-post-content post-content\"><h1 class=\"blog-shortcode-post-title entry-title\"><a href=\"https:\/\/www.kairossigacik.com\/en\/sigaciks-magnificent-beaches-aegeans-hidden-paradise\/\">S\u0131\u011fac\u0131k&#8217;s Magnificent Beaches: Aegean&#8217;s Hidden Paradise<\/a><\/h1><p class=\"fusion-single-line-meta\"><span class=\"vcard\" style=\"display: none;\"><span class=\"fn\"><a href=\"https:\/\/www.kairossigacik.com\/en\/author\/admin\/\" title=\"Posts by admin\" rel=\"author\">admin<\/a><\/span><\/span><span class=\"updated\" style=\"display:none;\">2024-07-04T18:21:54+00:00<\/span><span>March 16, 2024<\/span><span class=\"fusion-inline-sep\">|<\/span><\/p><div class=\"fusion-content-sep sep-double sep-solid\"><\/div><div class=\"fusion-post-content-container\"><p> S\u0131\u011fac\u0131k is a charming town on the north coast [...]<\/p><\/div><\/div><\/div><div class=\"fusion-clearfix\"><\/div><\/div>\n<\/article>\n<article id=\"blog-1-post-2232\" class=\"fusion-post-grid post-2232 post type-post status-publish format-standard has-post-thumbnail hentry category-general\">\n<div class=\"fusion-post-wrapper\" style=\"background-color:rgba(255,255,255,0);border:1px solid var(--awb-color2);border-bottom-width:3px;\">\n\n\t\t\t<div class=\"fusion-flexslider flexslider fusion-flexslider-loading fusion-post-slideshow\" style=\"border-color:var(--awb-color2);\">\n\t\t<ul class=\"slides\">\n\t\t\t\n\t\t\t\t\t\t\t\t\t\t\t\t\t\t<li><div  class=\"fusion-image-wrapper\" aria-haspopup=\"true\">\n\t\t\t\t<img decoding=\"async\" width=\"1600\" height=\"900\" src=\"https:\/\/www.kairossigacik.com\/wp-content\/uploads\/2024\/03\/Teos-Antik-Kent.jpg\" class=\"attachment-full size-full lazyload wp-post-image\" alt=\"\" srcset=\"data:image\/svg+xml,%3Csvg%20xmlns%3D%27http%3A%2F%2Fwww.w3.org%2F2000%2Fsvg%27%20width%3D%271600%27%20height%3D%27900%27%20viewBox%3D%270%200%201600%20900%27%3E%3Crect%20width%3D%271600%27%20height%3D%27900%27%20fill-opacity%3D%220%22%2F%3E%3C%2Fsvg%3E\" data-orig-src=\"https:\/\/www.kairossigacik.com\/wp-content\/uploads\/2024\/03\/Teos-Antik-Kent.jpg\" data-srcset=\"https:\/\/www.kairossigacik.com\/wp-content\/uploads\/2024\/03\/Teos-Antik-Kent-200x113.jpg 200w, https:\/\/www.kairossigacik.com\/wp-content\/uploads\/2024\/03\/Teos-Antik-Kent-400x225.jpg 400w, https:\/\/www.kairossigacik.com\/wp-content\/uploads\/2024\/03\/Teos-Antik-Kent-600x338.jpg 600w, https:\/\/www.kairossigacik.com\/wp-content\/uploads\/2024\/03\/Teos-Antik-Kent-800x450.jpg 800w, https:\/\/www.kairossigacik.com\/wp-content\/uploads\/2024\/03\/Teos-Antik-Kent-1200x675.jpg 1200w, https:\/\/www.kairossigacik.com\/wp-content\/uploads\/2024\/03\/Teos-Antik-Kent.jpg 1600w\" data-sizes=\"auto\" \/><div class=\"fusion-rollover\">\n\t<div class=\"fusion-rollover-content\">\n\n\t\t\t\t\n\t\t\n\t\t\t\t\t\t\t\t\t\t\t\t<h4 class=\"fusion-rollover-title\">\n\t\t\t\t\t<a class=\"fusion-rollover-title-link\" href=\"https:\/\/www.kairossigacik.com\/en\/ancient-city-of-teos-a-journey-into-history\/\">\n\t\t\t\t\t\tAncient City of Teos: A Journey into History\t\t\t\t\t<\/a>\n\t\t\t\t<\/h4>\n\t\t\t\n\t\t\t\t\t\t\t\t\n\t\t\n\t\t\t\t\t\t<a class=\"fusion-link-wrapper\" href=\"https:\/\/www.kairossigacik.com\/en\/ancient-city-of-teos-a-journey-into-history\/\" aria-label=\"Ancient City of Teos: A Journey into History\"><\/a>\n\t<\/div>\n<\/div>\n<\/div>\n<\/li>\n\t\t\t\n\t\t\t\n\t\t\t\t\t\t\t\t\t\t\t\t\t\t\t\t\t\t\t\t\t\t\t\t\t\t\t\t\t\t\t\t\t\t\t\t\t\t\t\t\t\t\t\t\t\t\t\t\t\t\t\t\t\t\t\t\t\t\t\t\t\t\t\t\t\t\t\t<\/ul>\n\t<\/div>\n\t<div class=\"fusion-post-content-wrapper\" style=\"padding:30px 25px 25px 25px;\"><div class=\"fusion-post-content post-content\"><h1 class=\"blog-shortcode-post-title entry-title\"><a href=\"https:\/\/www.kairossigacik.com\/en\/ancient-city-of-teos-a-journey-into-history\/\">Ancient City of Teos: A Journey into History<\/a><\/h1><p class=\"fusion-single-line-meta\"><span class=\"vcard\" style=\"display: none;\"><span class=\"fn\"><a href=\"https:\/\/www.kairossigacik.com\/en\/author\/admin\/\" title=\"Posts by admin\" rel=\"author\">admin<\/a><\/span><\/span><span class=\"updated\" style=\"display:none;\">2024-07-04T18:22:31+00:00<\/span><span>March 16, 2024<\/span><span class=\"fusion-inline-sep\">|<\/span><\/p><div class=\"fusion-content-sep sep-double sep-solid\"><\/div><div class=\"fusion-post-content-container\"><p> Located on the shores of the Aegean Sea in [...]<\/p><\/div><\/div><\/div><div class=\"fusion-clearfix\"><\/div><\/div>\n<\/article>\n<article id=\"blog-1-post-2235\" class=\"fusion-post-grid post-2235 post type-post status-publish format-standard has-post-thumbnail hentry category-general\">\n<div class=\"fusion-post-wrapper\" style=\"background-color:rgba(255,255,255,0);border:1px solid var(--awb-color2);border-bottom-width:3px;\">\n\n\t\t\t<div class=\"fusion-flexslider flexslider fusion-flexslider-loading fusion-post-slideshow\" style=\"border-color:var(--awb-color2);\">\n\t\t<ul class=\"slides\">\n\t\t\t\n\t\t\t\t\t\t\t\t\t\t\t\t\t\t<li><div  class=\"fusion-image-wrapper\" aria-haspopup=\"true\">\n\t\t\t\t<img decoding=\"async\" width=\"1600\" height=\"900\" src=\"https:\/\/www.kairossigacik.com\/wp-content\/uploads\/2024\/03\/Sigacik.jpg\" class=\"attachment-full size-full lazyload wp-post-image\" alt=\"\" srcset=\"data:image\/svg+xml,%3Csvg%20xmlns%3D%27http%3A%2F%2Fwww.w3.org%2F2000%2Fsvg%27%20width%3D%271600%27%20height%3D%27900%27%20viewBox%3D%270%200%201600%20900%27%3E%3Crect%20width%3D%271600%27%20height%3D%27900%27%20fill-opacity%3D%220%22%2F%3E%3C%2Fsvg%3E\" data-orig-src=\"https:\/\/www.kairossigacik.com\/wp-content\/uploads\/2024\/03\/Sigacik.jpg\" data-srcset=\"https:\/\/www.kairossigacik.com\/wp-content\/uploads\/2024\/03\/Sigacik-200x113.jpg 200w, https:\/\/www.kairossigacik.com\/wp-content\/uploads\/2024\/03\/Sigacik-400x225.jpg 400w, https:\/\/www.kairossigacik.com\/wp-content\/uploads\/2024\/03\/Sigacik-600x338.jpg 600w, https:\/\/www.kairossigacik.com\/wp-content\/uploads\/2024\/03\/Sigacik-800x450.jpg 800w, https:\/\/www.kairossigacik.com\/wp-content\/uploads\/2024\/03\/Sigacik-1200x675.jpg 1200w, https:\/\/www.kairossigacik.com\/wp-content\/uploads\/2024\/03\/Sigacik.jpg 1600w\" data-sizes=\"auto\" \/><div class=\"fusion-rollover\">\n\t<div class=\"fusion-rollover-content\">\n\n\t\t\t\t\n\t\t\n\t\t\t\t\t\t\t\t\t\t\t\t<h4 class=\"fusion-rollover-title\">\n\t\t\t\t\t<a class=\"fusion-rollover-title-link\" href=\"https:\/\/www.kairossigacik.com\/en\/sigacik-town-of-seferihisar-a-unique-aegean-experience\/\">\n\t\t\t\t\t\tS\u0131\u011fac\u0131k Town of Seferihisar: A Unique Aegean Experience\t\t\t\t\t<\/a>\n\t\t\t\t<\/h4>\n\t\t\t\n\t\t\t\t\t\t\t\t\n\t\t\n\t\t\t\t\t\t<a class=\"fusion-link-wrapper\" href=\"https:\/\/www.kairossigacik.com\/en\/sigacik-town-of-seferihisar-a-unique-aegean-experience\/\" aria-label=\"S\u0131\u011fac\u0131k Town of Seferihisar: A Unique Aegean Experience\"><\/a>\n\t<\/div>\n<\/div>\n<\/div>\n<\/li>\n\t\t\t\n\t\t\t\n\t\t\t\t\t\t\t\t\t\t\t\t\t\t\t\t\t\t\t\t\t\t\t\t\t\t\t\t\t\t\t\t\t\t\t\t\t\t\t\t\t\t\t\t\t\t\t\t\t\t\t\t\t\t\t\t\t\t\t\t\t\t\t\t\t\t\t\t<\/ul>\n\t<\/div>\n\t<div class=\"fusion-post-content-wrapper\" style=\"padding:30px 25px 25px 25px;\"><div class=\"fusion-post-content post-content\"><h1 class=\"blog-shortcode-post-title entry-title\"><a href=\"https:\/\/www.kairossigacik.com\/en\/sigacik-town-of-seferihisar-a-unique-aegean-experience\/\">S\u0131\u011fac\u0131k Town of Seferihisar: A Unique Aegean Experience<\/a><\/h1><p class=\"fusion-single-line-meta\"><span class=\"vcard\" style=\"display: none;\"><span class=\"fn\"><a href=\"https:\/\/www.kairossigacik.com\/en\/author\/admin\/\" title=\"Posts by admin\" rel=\"author\">admin<\/a><\/span><\/span><span class=\"updated\" style=\"display:none;\">2024-07-04T18:23:35+00:00<\/span><span>March 15, 2024<\/span><span class=\"fusion-inline-sep\">|<\/span><\/p><div class=\"fusion-content-sep sep-double sep-solid\"><\/div><div class=\"fusion-post-content-container\"><p> Located on the turquoise waters of Seferihisar, the town [...]<\/p><\/div><\/div><\/div><div class=\"fusion-clearfix\"><\/div><\/div>\n<\/article>\n<div class=\"fusion-clearfix\"><\/div><\/div><\/div><\/div><\/div><\/div><\/div><\/p>\n","protected":false},"excerpt":{"rendered":"","protected":false},"author":1,"featured_media":0,"parent":0,"menu_order":0,"comment_status":"closed","ping_status":"closed","template":"100-width.php","meta":{"footnotes":""},"_links":{"self":[{"href":"https:\/\/www.kairossigacik.com\/en\/wp-json\/wp\/v2\/pages\/2166"}],"collection":[{"href":"https:\/\/www.kairossigacik.com\/en\/wp-json\/wp\/v2\/pages"}],"about":[{"href":"https:\/\/www.kairossigacik.com\/en\/wp-json\/wp\/v2\/types\/page"}],"author":[{"embeddable":true,"href":"https:\/\/www.kairossigacik.com\/en\/wp-json\/wp\/v2\/users\/1"}],"replies":[{"embeddable":true,"href":"https:\/\/www.kairossigacik.com\/en\/wp-json\/wp\/v2\/comments?post=2166"}],"version-history":[{"count":2,"href":"https:\/\/www.kairossigacik.com\/en\/wp-json\/wp\/v2\/pages\/2166\/revisions"}],"predecessor-version":[{"id":2168,"href":"https:\/\/www.kairossigacik.com\/en\/wp-json\/wp\/v2\/pages\/2166\/revisions\/2168"}],"wp:attachment":[{"href":"https:\/\/www.kairossigacik.com\/en\/wp-json\/wp\/v2\/media?parent=2166"}],"curies":[{"name":"wp","href":"https:\/\/api.w.org\/{rel}","templated":true}]}}