{"id":2172,"date":"2024-02-09T11:29:34","date_gmt":"2024-02-09T11:29:34","guid":{"rendered":"https:\/\/www.kairossigacik.com\/gallery\/"},"modified":"2024-07-04T19:20:13","modified_gmt":"2024-07-04T19:20:13","slug":"gallery","status":"publish","type":"page","link":"https:\/\/www.kairossigacik.com\/en\/gallery\/","title":{"rendered":"Gallery"},"content":{"rendered":"<p><div class=\"fusion-fullwidth fullwidth-box fusion-builder-row-1 fusion-flex-container has-pattern-background has-mask-background fusion-parallax-none nonhundred-percent-fullwidth non-hundred-percent-height-scrolling lazyload fusion-animated\" style=\"--awb-border-radius-top-left:0px;--awb-border-radius-top-right:0px;--awb-border-radius-bottom-right:0px;--awb-border-radius-bottom-left:0px;--awb-padding-top:15vw;--awb-padding-bottom:15vw;--awb-padding-top-small:80px;--awb-padding-bottom-small:80px;--awb-background-size:cover;--awb-flex-wrap:wrap;--awb-animation-color:var(--awb-color3);\" data-bg=\"https:\/\/www.kairossigacik.com\/wp-content\/uploads\/2024\/06\/Kairos-Sigacik-01.jpg\" data-animationType=\"revealInLeft\" data-animationDuration=\"1.2\" data-animationOffset=\"top-into-view\" ><div class=\"fusion-builder-row fusion-row fusion-flex-align-items-flex-start fusion-flex-content-wrap\" style=\"max-width:1248px;margin-left: calc(-4% \/ 2 );margin-right: calc(-4% \/ 2 );\"><div class=\"fusion-layout-column fusion_builder_column fusion-builder-column-0 fusion_builder_column_1_1 1_1 fusion-flex-column\" style=\"--awb-bg-size:cover;--awb-width-large:100%;--awb-margin-top-large:0px;--awb-spacing-right-large:1.92%;--awb-margin-bottom-large:0px;--awb-spacing-left-large:1.92%;--awb-width-medium:100%;--awb-order-medium:0;--awb-spacing-right-medium:1.92%;--awb-spacing-left-medium:1.92%;--awb-width-small:100%;--awb-order-small:0;--awb-spacing-right-small:1.92%;--awb-spacing-left-small:1.92%;\"><div class=\"fusion-column-wrapper fusion-column-has-shadow fusion-flex-justify-content-flex-start fusion-content-layout-column\"><\/div><\/div><\/div><\/div><div class=\"fusion-fullwidth fullwidth-box fusion-builder-row-2 fusion-flex-container has-pattern-background has-mask-background nonhundred-percent-fullwidth non-hundred-percent-height-scrolling\" style=\"--awb-border-radius-top-left:0px;--awb-border-radius-top-right:0px;--awb-border-radius-bottom-right:0px;--awb-border-radius-bottom-left:0px;--awb-padding-top:50px;--awb-padding-bottom:50px;--awb-flex-wrap:wrap;\" ><div class=\"fusion-builder-row fusion-row fusion-flex-align-items-flex-start fusion-flex-content-wrap\" style=\"max-width:1248px;margin-left: calc(-4% \/ 2 );margin-right: calc(-4% \/ 2 );\"><div class=\"fusion-layout-column fusion_builder_column fusion-builder-column-1 fusion_builder_column_1_1 1_1 fusion-flex-column fusion-animated\" style=\"--awb-bg-color:#ffffff;--awb-bg-color-hover:#ffffff;--awb-bg-size:cover;--awb-width-large:100%;--awb-margin-top-large:0px;--awb-spacing-right-large:1.92%;--awb-margin-bottom-large:20px;--awb-spacing-left-large:1.92%;--awb-width-medium:100%;--awb-order-medium:0;--awb-spacing-right-medium:1.92%;--awb-spacing-left-medium:1.92%;--awb-width-small:100%;--awb-order-small:0;--awb-spacing-right-small:1.92%;--awb-margin-bottom-small:68px;--awb-spacing-left-small:1.92%;\" data-animationType=\"fadeInDown\" data-animationDuration=\"0.8\" data-animationDelay=\"0.2\" data-animationOffset=\"top-into-view\" data-scroll-devices=\"small-visibility,medium-visibility,large-visibility\"><div class=\"fusion-column-wrapper fusion-column-has-shadow fusion-flex-justify-content-flex-start fusion-content-layout-column\"><div class=\"fusion-title title fusion-title-1 fusion-sep-none fusion-title-center fusion-title-text fusion-title-size-one\" style=\"--awb-text-color:var(--awb-color8);--awb-margin-bottom:20px;--awb-margin-top-small:10px;--awb-margin-right-small:0px;--awb-margin-bottom-small:20px;--awb-margin-left-small:0px;--awb-sep-color:#f9f9f9;\"><h1 class=\"fusion-title-heading title-heading-center\" style=\"margin:0;\">Gallery<\/h1><\/div><div class=\"fusion-text fusion-text-1 fusion-text-no-margin\" style=\"--awb-content-alignment:center;--awb-margin-bottom:0px;\"><p>Get to know Kairos S\u0131\u011fac\u0131k closely.<\/p>\n<\/div><\/div><\/div><div class=\"fusion-layout-column fusion_builder_column fusion-builder-column-2 fusion_builder_column_1_3 1_3 fusion-flex-column\" style=\"--awb-bg-size:cover;--awb-width-large:33.333333333333%;--awb-margin-top-large:0px;--awb-spacing-right-large:5.76%;--awb-margin-bottom-large:20px;--awb-spacing-left-large:5.76%;--awb-width-medium:33.333333333333%;--awb-order-medium:0;--awb-spacing-right-medium:5.76%;--awb-spacing-left-medium:5.76%;--awb-width-small:100%;--awb-order-small:0;--awb-spacing-right-small:1.92%;--awb-spacing-left-small:1.92%;\" data-scroll-devices=\"small-visibility,medium-visibility,large-visibility\"><div class=\"fusion-column-wrapper fusion-column-has-shadow fusion-flex-justify-content-flex-start fusion-content-layout-column\"><div class=\"fusion-image-element \" style=\"text-align:center;--awb-caption-title-font-family:var(--h2_typography-font-family);--awb-caption-title-font-weight:var(--h2_typography-font-weight);--awb-caption-title-font-style:var(--h2_typography-font-style);--awb-caption-title-size:var(--h2_typography-font-size);--awb-caption-title-transform:var(--h2_typography-text-transform);--awb-caption-title-line-height:var(--h2_typography-line-height);--awb-caption-title-letter-spacing:var(--h2_typography-letter-spacing);\"><span class=\" fusion-imageframe imageframe-none imageframe-1 hover-type-zoomin\"><a class=\"fusion-no-lightbox\" href=\"https:\/\/www.kairossigacik.com\/en\/gallery\/general-photos\/\" target=\"_self\" aria-label=\"Kairos-Sigacik-Genel-Fotograflar-011\"><img decoding=\"async\" width=\"1080\" height=\"1080\" src=\"https:\/\/www.kairossigacik.com\/wp-content\/uploads\/2024\/06\/Kairos-Sigacik-Genel-Fotograflar-011.jpg\" data-orig-src=\"https:\/\/www.kairossigacik.com\/wp-content\/uploads\/2024\/06\/Kairos-Sigacik-Genel-Fotograflar-011.jpg\" alt class=\"lazyload img-responsive wp-image-2136\" srcset=\"data:image\/svg+xml,%3Csvg%20xmlns%3D%27http%3A%2F%2Fwww.w3.org%2F2000%2Fsvg%27%20width%3D%271080%27%20height%3D%271080%27%20viewBox%3D%270%200%201080%201080%27%3E%3Crect%20width%3D%271080%27%20height%3D%271080%27%20fill-opacity%3D%220%22%2F%3E%3C%2Fsvg%3E\" data-srcset=\"https:\/\/www.kairossigacik.com\/wp-content\/uploads\/2024\/06\/Kairos-Sigacik-Genel-Fotograflar-011-200x200.jpg 200w, https:\/\/www.kairossigacik.com\/wp-content\/uploads\/2024\/06\/Kairos-Sigacik-Genel-Fotograflar-011-400x400.jpg 400w, https:\/\/www.kairossigacik.com\/wp-content\/uploads\/2024\/06\/Kairos-Sigacik-Genel-Fotograflar-011-600x600.jpg 600w, https:\/\/www.kairossigacik.com\/wp-content\/uploads\/2024\/06\/Kairos-Sigacik-Genel-Fotograflar-011-800x800.jpg 800w, https:\/\/www.kairossigacik.com\/wp-content\/uploads\/2024\/06\/Kairos-Sigacik-Genel-Fotograflar-011.jpg 1080w\" data-sizes=\"auto\" data-orig-sizes=\"(max-width: 640px) 100vw, 400px\" \/><\/a><\/span><\/div><div class=\"fusion-text fusion-text-2 title-gallery\" style=\"--awb-content-alignment:center;\"><p>GENERAL PHOTOS<\/p>\n<\/div><\/div><\/div><div class=\"fusion-layout-column fusion_builder_column fusion-builder-column-3 fusion_builder_column_1_3 1_3 fusion-flex-column\" style=\"--awb-bg-size:cover;--awb-width-large:33.333333333333%;--awb-margin-top-large:0px;--awb-spacing-right-large:5.76%;--awb-margin-bottom-large:20px;--awb-spacing-left-large:5.76%;--awb-width-medium:33.333333333333%;--awb-order-medium:0;--awb-spacing-right-medium:5.76%;--awb-spacing-left-medium:5.76%;--awb-width-small:100%;--awb-order-small:0;--awb-spacing-right-small:1.92%;--awb-spacing-left-small:1.92%;\"><div class=\"fusion-column-wrapper fusion-column-has-shadow fusion-flex-justify-content-flex-start fusion-content-layout-column\"><div class=\"fusion-image-element \" style=\"text-align:center;--awb-caption-title-font-family:var(--h2_typography-font-family);--awb-caption-title-font-weight:var(--h2_typography-font-weight);--awb-caption-title-font-style:var(--h2_typography-font-style);--awb-caption-title-size:var(--h2_typography-font-size);--awb-caption-title-transform:var(--h2_typography-text-transform);--awb-caption-title-line-height:var(--h2_typography-line-height);--awb-caption-title-letter-spacing:var(--h2_typography-letter-spacing);\"><span class=\" fusion-imageframe imageframe-none imageframe-2 hover-type-zoomin\"><a class=\"fusion-no-lightbox\" href=\"https:\/\/www.kairossigacik.com\/en\/gallery\/rooms\/\" target=\"_self\" aria-label=\"kairos-sigacik-odalar-01\"><img decoding=\"async\" width=\"1080\" height=\"1080\" src=\"https:\/\/www.kairossigacik.com\/wp-content\/uploads\/2024\/03\/kairos-sigacik-odalar-01.jpg\" data-orig-src=\"https:\/\/www.kairossigacik.com\/wp-content\/uploads\/2024\/03\/kairos-sigacik-odalar-01.jpg\" alt class=\"lazyload img-responsive wp-image-2001\" srcset=\"data:image\/svg+xml,%3Csvg%20xmlns%3D%27http%3A%2F%2Fwww.w3.org%2F2000%2Fsvg%27%20width%3D%271080%27%20height%3D%271080%27%20viewBox%3D%270%200%201080%201080%27%3E%3Crect%20width%3D%271080%27%20height%3D%271080%27%20fill-opacity%3D%220%22%2F%3E%3C%2Fsvg%3E\" data-srcset=\"https:\/\/www.kairossigacik.com\/wp-content\/uploads\/2024\/03\/kairos-sigacik-odalar-01-200x200.jpg 200w, https:\/\/www.kairossigacik.com\/wp-content\/uploads\/2024\/03\/kairos-sigacik-odalar-01-400x400.jpg 400w, https:\/\/www.kairossigacik.com\/wp-content\/uploads\/2024\/03\/kairos-sigacik-odalar-01-600x600.jpg 600w, https:\/\/www.kairossigacik.com\/wp-content\/uploads\/2024\/03\/kairos-sigacik-odalar-01-800x800.jpg 800w, https:\/\/www.kairossigacik.com\/wp-content\/uploads\/2024\/03\/kairos-sigacik-odalar-01.jpg 1080w\" data-sizes=\"auto\" data-orig-sizes=\"(max-width: 640px) 100vw, 400px\" \/><\/a><\/span><\/div><div class=\"fusion-text fusion-text-3 title-gallery\" style=\"--awb-content-alignment:center;\"><p>OUR ROOMS<\/p>\n<\/div><\/div><\/div><div class=\"fusion-layout-column fusion_builder_column fusion-builder-column-4 fusion_builder_column_1_3 1_3 fusion-flex-column\" style=\"--awb-bg-size:cover;--awb-width-large:33.333333333333%;--awb-margin-top-large:0px;--awb-spacing-right-large:5.76%;--awb-margin-bottom-large:20px;--awb-spacing-left-large:5.76%;--awb-width-medium:33.333333333333%;--awb-order-medium:0;--awb-spacing-right-medium:5.76%;--awb-spacing-left-medium:5.76%;--awb-width-small:100%;--awb-order-small:0;--awb-spacing-right-small:1.92%;--awb-spacing-left-small:1.92%;\"><div class=\"fusion-column-wrapper fusion-column-has-shadow fusion-flex-justify-content-flex-start fusion-content-layout-column\"><div class=\"fusion-image-element \" style=\"text-align:center;--awb-caption-title-font-family:var(--h2_typography-font-family);--awb-caption-title-font-weight:var(--h2_typography-font-weight);--awb-caption-title-font-style:var(--h2_typography-font-style);--awb-caption-title-size:var(--h2_typography-font-size);--awb-caption-title-transform:var(--h2_typography-text-transform);--awb-caption-title-line-height:var(--h2_typography-line-height);--awb-caption-title-letter-spacing:var(--h2_typography-letter-spacing);\"><span class=\" fusion-imageframe imageframe-none imageframe-3 hover-type-zoomin\"><a class=\"fusion-no-lightbox\" href=\"https:\/\/www.kairossigacik.com\/en\/gallery\/garden-breakfast\/\" target=\"_self\" aria-label=\"Kairos-Sigacik-Kahvalti-Fotograflar-011\"><img decoding=\"async\" width=\"1080\" height=\"1080\" src=\"https:\/\/www.kairossigacik.com\/wp-content\/uploads\/2024\/06\/Kairos-Sigacik-Kahvalti-Fotograflar-011.jpg\" data-orig-src=\"https:\/\/www.kairossigacik.com\/wp-content\/uploads\/2024\/06\/Kairos-Sigacik-Kahvalti-Fotograflar-011.jpg\" alt class=\"lazyload img-responsive wp-image-2137\" srcset=\"data:image\/svg+xml,%3Csvg%20xmlns%3D%27http%3A%2F%2Fwww.w3.org%2F2000%2Fsvg%27%20width%3D%271080%27%20height%3D%271080%27%20viewBox%3D%270%200%201080%201080%27%3E%3Crect%20width%3D%271080%27%20height%3D%271080%27%20fill-opacity%3D%220%22%2F%3E%3C%2Fsvg%3E\" data-srcset=\"https:\/\/www.kairossigacik.com\/wp-content\/uploads\/2024\/06\/Kairos-Sigacik-Kahvalti-Fotograflar-011-200x200.jpg 200w, https:\/\/www.kairossigacik.com\/wp-content\/uploads\/2024\/06\/Kairos-Sigacik-Kahvalti-Fotograflar-011-400x400.jpg 400w, https:\/\/www.kairossigacik.com\/wp-content\/uploads\/2024\/06\/Kairos-Sigacik-Kahvalti-Fotograflar-011-600x600.jpg 600w, https:\/\/www.kairossigacik.com\/wp-content\/uploads\/2024\/06\/Kairos-Sigacik-Kahvalti-Fotograflar-011-800x800.jpg 800w, https:\/\/www.kairossigacik.com\/wp-content\/uploads\/2024\/06\/Kairos-Sigacik-Kahvalti-Fotograflar-011.jpg 1080w\" data-sizes=\"auto\" data-orig-sizes=\"(max-width: 640px) 100vw, 400px\" \/><\/a><\/span><\/div><div class=\"fusion-text fusion-text-4 title-gallery\" style=\"--awb-content-alignment:center;\"><p>GARDEN &amp; BREAKFAST<\/p>\n<\/div><\/div><\/div><\/div><\/div><\/p>\n","protected":false},"excerpt":{"rendered":"","protected":false},"author":1,"featured_media":0,"parent":0,"menu_order":0,"comment_status":"closed","ping_status":"open","template":"100-width.php","meta":{"footnotes":""},"_links":{"self":[{"href":"https:\/\/www.kairossigacik.com\/en\/wp-json\/wp\/v2\/pages\/2172"}],"collection":[{"href":"https:\/\/www.kairossigacik.com\/en\/wp-json\/wp\/v2\/pages"}],"about":[{"href":"https:\/\/www.kairossigacik.com\/en\/wp-json\/wp\/v2\/types\/page"}],"author":[{"embeddable":true,"href":"https:\/\/www.kairossigacik.com\/en\/wp-json\/wp\/v2\/users\/1"}],"replies":[{"embeddable":true,"href":"https:\/\/www.kairossigacik.com\/en\/wp-json\/wp\/v2\/comments?post=2172"}],"version-history":[{"count":3,"href":"https:\/\/www.kairossigacik.com\/en\/wp-json\/wp\/v2\/pages\/2172\/revisions"}],"predecessor-version":[{"id":2269,"href":"https:\/\/www.kairossigacik.com\/en\/wp-json\/wp\/v2\/pages\/2172\/revisions\/2269"}],"wp:attachment":[{"href":"https:\/\/www.kairossigacik.com\/en\/wp-json\/wp\/v2\/media?parent=2172"}],"curies":[{"name":"wp","href":"https:\/\/api.w.org\/{rel}","templated":true}]}}